{"id":5227,"date":"2019-06-30T19:48:57","date_gmt":"2019-06-30T16:48:57","guid":{"rendered":"https:\/\/icoanebizantine.com\/?post_type=product&#038;p=5227"},"modified":"2025-10-09T14:24:33","modified_gmt":"2025-10-09T11:24:33","slug":"nanowax-ceara-hidrofoba-750-ml","status":"publish","type":"product","link":"https:\/\/nanomax.bg\/ro\/produs\/nanowax-ceara-hidrofoba-750-ml\/","title":{"rendered":"NANOWAX Ceara pentru masina Hidrofoba 750 ml"},"content":{"rendered":"<p>&nbsp;<\/p>\n<p><iframe src=\"https:\/\/www.youtube.com\/embed\/ET0rpVs03kA\" frameborder=\"0\" allowfullscreen=\"allowfullscreen\"><\/iframe><\/p>\n<p>&nbsp;<\/p>\n","protected":false},"excerpt":{"rendered":"<p><span style=\"color: #000000;\">\u00a0 \u00a0 \u00a0 Produsul se prezint\u0103 sub form\u0103 de crem\u0103 lichid\u0103, care con\u021bine o cear\u0103 de carnauba durabil\u0103 \u0219i eficient\u0103 destinata pentru \u00eentre\u021binerea \u0219i protejarea vopselei auto. Dupa tratament, se creeaz\u0103 un strat protector pe suprafa\u021ba masinii, protej\u00e2nd-o \u00eempotriva murd\u0103riei, coroziunii, intemperiilor si a decolorarii. <\/span><\/p>\n<p><span style=\"color: #000000;\">\u00a0 \u00a0 \u00a0 Datorita formulei concentrate produsul este <span style=\"color: #ff0000;\"><strong>eficient si ajuta la eliminarea micro- zg\u00e2rieturilor<\/strong><\/span>.<\/span><\/p>\n<h2 style=\"font-size: 1.6em; color: #ff0000;\">Beneficii ale cearei auto Nanomax:<\/h2>\n<ul>\n<li><span style=\"color: #000000;\">Este eficient\u0103 pentru intre\u021binerea \u0219i protejarea vopselei auto;<\/span><\/li>\n<li><span style=\"color: #000000;\">Creeaza un strat protector pe suprafa\u021ba ma\u0219inii, protej\u00e2nd-o \u00eempotriva murd\u0103riei, coroziunii, intemperiilor si a decolorarii;<\/span><\/li>\n<li><span style=\"color: #000000;\">Ajut\u0103 la eliminarea micro- zg\u00e2rieturilor.<\/span><\/li>\n<\/ul>\n<p><span style=\"color: #000000;\"><strong>\u00a0 \u00a0 \u00a0 <span style=\"color: #ff0000;\">Unde aplicati?<\/span><\/strong><\/span><\/p>\n<p><span style=\"color: #000000;\">\u00a0 \u00a0 \u00a0 <strong>Este recomandat\u0103 pe suprafa\u021ba ma\u0219inii.<\/strong><\/span><\/p>\n<p><strong><span style=\"color: #000000;\">\u00a0 \u00a0 \u00a0 <span style=\"color: #ff0000;\">Volum:<\/span> 750 ml.<\/span><\/strong><\/p>\n<p><span style=\"color: #000000;\"><strong>\u00a0 \u00a0 \u00a0 <span style=\"color: #ff0000;\">Mod de utilizare: <\/span><\/strong>\u00cenainte de a folosi produsul, <strong>se spal\u0103 bine \u0219i se usuc\u0103 ma\u0219ina<\/strong>, recomandabil cu <strong>NANOAUTO ACTIVEFOAM PRO<\/strong>. \u00cen continuare, se aplic\u0103 prin pulverizare o cantitate foarte mic\u0103 de solutie pe \u00eentreaga suprafa\u021b\u0103 a ma\u0219inii \u0219i se\u00a0intinde cu o laveta. <\/span><\/p>\n<p><span style=\"color: #000000;\">\u00a0 \u00a0 \u00a0 Pentru a ob\u021bine si un efect lucios se ia o alta laveta curata si se lustruieste usor. <strong>Ave\u021bi grij\u0103 s\u0103 nu se usuce produsul pe suprafa\u021b\u0103.<\/strong><\/span><\/p>\n<h2 style=\"font-size: 1.6em; color: #ff0000;\">Recomandari pentru aplicare ceara auto NANOWAX:<\/h2>\n<ul>\n<li><span style=\"color: #000000;\">Nu aplica\u021bi c\u00e2nd ma\u0219in\u0103 este expus\u0103 la razele solare;<\/span><\/li>\n<li><span style=\"color: #000000;\">Usca\u021bi complet ma\u0219in\u0103 \u00eenainte de aplicare;<\/span><\/li>\n<li><span style=\"color: #000000;\">Nu folosti o lavet\u0103 muradara!<\/span><\/li>\n<li><span style=\"color: #000000;\">Folosi\u021bi o alt\u0103 lavet\u0103 curat\u0103 pentru lustruire;<\/span><\/li>\n<li><span style=\"color: #000000;\">Aplica\u021bi prin mi\u0219c\u0103ri circulare.<\/span><\/li>\n<\/ul>\n","protected":false},"featured_media":5228,"template":"","meta":{"_et_pb_use_builder":"","_et_pb_old_content":"","_et_gb_content_width":"","om_disable_all_campaigns":false},"woo-feed-brand":[],"supplier_id":null,"supplier_sku":"","atum_controlled":false,"out_stock_date":"2023-05-22T09:10:39","out_stock_threshold":null,"inheritable":false,"inbound_stock":null,"stock_on_hold":0,"sold_today":0,"sales_last_days":0,"reserved_stock":null,"customer_returns":null,"warehouse_damage":null,"lost_in_post":null,"other_logs":null,"out_stock_days":871,"lost_sales":0,"has_location":false,"update_date":"2025-10-09T08:24:50","atum_locations":[],"atum_stock_status":"outofstock","low_stock":false,"low_stock_amount":"","acf":[],"_links":{"self":[{"href":"https:\/\/nanomax.bg\/ro\/wp-json\/wp\/v2\/product\/5227"}],"collection":[{"href":"https:\/\/nanomax.bg\/ro\/wp-json\/wp\/v2\/product"}],"about":[{"href":"https:\/\/nanomax.bg\/ro\/wp-json\/wp\/v2\/types\/product"}],"wp:featuredmedia":[{"embeddable":true,"href":"https:\/\/nanomax.bg\/ro\/wp-json\/wp\/v2\/media\/5228"}],"wp:attachment":[{"href":"https:\/\/nanomax.bg\/ro\/wp-json\/wp\/v2\/media?parent=5227"}],"wp:term":[{"taxonomy":"woo-feed-brand","embeddable":true,"href":"https:\/\/nanomax.bg\/ro\/wp-json\/wp\/v2\/woo-feed-brand?post=5227"}],"curies":[{"name":"wp","href":"https:\/\/api.w.org\/{rel}","templated":true}]}}