{"id":5256,"date":"2019-07-01T07:42:19","date_gmt":"2019-07-01T04:42:19","guid":{"rendered":"https:\/\/icoanebizantine.com\/?post_type=product&#038;p=5256"},"modified":"2021-08-10T13:11:13","modified_gmt":"2021-08-10T10:11:13","slug":"sampon-auto-cu-ceara-carnauba-1-l","status":"publish","type":"product","link":"https:\/\/nanomax.bg\/ro\/produs\/sampon-auto-cu-ceara-carnauba-1-l\/","title":{"rendered":"Sampon auto cu ceara Carnauba, NanoAuto, 1 L"},"content":{"rendered":"<p><strong>DETALII PRODUS:<br \/>\n<\/strong>\u0218ampon profesional pentru masina cu ceara, toate \u00eentr-un singur produs. Conceput atat pentru sp\u0103lare manual\u0103 cat \u0219i pentru spalare sub presiune. Gra\u021bie detergen\u021bilor moderni si nanotehnologiei, \u0219amponul \u00eendep\u0103rteaz\u0103 orice fel de murd\u0103rie rapid \u0219i eficient. Ceara de carnauba las\u0103 un strat protector durabil, care protejeaz\u0103 vopseaua \u00eempotriva murd\u0103riei. Masina ta va se va p\u0103stra curata \u0219i culoarea va fi protejata pentru un timp mai \u00eendelungat. \u00cen plus, ceara protejeaz\u0103 suprafa\u021ba sp\u0103lat\u0103 \u00eempotriva coroziunii.<\/p>\n<p><strong>METODA DE APLICARE:<br \/>\n<\/strong>Produsul se livreaza sub form\u0103 de concentrat, trebuie diluat cu ap\u0103 cald\u0103. A se agita flaconul \u00eenainte de utilizare .<br \/>\n1.Clateste autovehicolul cu ap\u0103. Aplicati samponul pe caroseria ma\u0219inii prin intermediul unui pulverizator sub presiune sau a unui burete.<br \/>\n2. Se spal\u0103 masina cu un burete moale sau o perie. \u00cen cazul murd\u0103ririi grele se va utiliza sampon pe plan local, f\u0103r\u0103 diluare.<br \/>\n3. Dup\u0103 sp\u0103lare, cl\u0103ti\u021bi bine .<br \/>\n4. Atunci c\u00e2nd caroseria este uscat\u0103, se va lustrui cu o c\u00e2rp\u0103 moale.<br \/>\n<strong>Precautii:<\/strong> Nu aplicati produsul in bataia directa a razelor solare<br \/>\n<strong>Diluare:<\/strong> Spumant 1:5, Lance 1:2, Manual 1:20<\/p>\n","protected":false},"excerpt":{"rendered":"<p>\u0218ampon profesional pentru masina cu ceara, toate \u00eentr-un singur produs. Conceput atat pentru sp\u0103lare manual\u0103 cat \u0219i pentru spalare sub presiune. Gra\u021bie detergen\u021bilor moderni si nanotehnologiei, \u0219amponul \u00eendep\u0103rteaz\u0103 orice fel de murd\u0103rie rapid \u0219i eficient. Ceara de carnauba las\u0103 un strat protector durabil, care protejeaz\u0103 vopseaua \u00eempotriva murd\u0103riei. Masina ta va se va p\u0103stra curata \u0219i culoarea va fi protejata pentru un timp mai \u00eendelungat. \u00cen plus, ceara protejeaz\u0103 suprafa\u021ba sp\u0103lat\u0103 \u00eempotriva coroziunii.<\/p>\n<p>Volum: 1 L<\/p>\n<p>&nbsp;<\/p>\n","protected":false},"featured_media":5257,"template":"","meta":{"_et_pb_use_builder":"","_et_pb_old_content":"","_et_gb_content_width":"","om_disable_all_campaigns":false},"woo-feed-brand":[],"supplier_id":null,"supplier_sku":"","atum_controlled":true,"out_stock_date":null,"out_stock_threshold":null,"inheritable":false,"inbound_stock":null,"stock_on_hold":0,"sold_today":0,"sales_last_days":0,"reserved_stock":null,"customer_returns":null,"warehouse_damage":null,"lost_in_post":null,"other_logs":null,"out_stock_days":0,"lost_sales":0,"has_location":false,"update_date":"2021-08-10T07:11:15","atum_locations":[],"atum_stock_status":"outofstock","low_stock":false,"low_stock_amount":"","acf":[],"_links":{"self":[{"href":"https:\/\/nanomax.bg\/ro\/wp-json\/wp\/v2\/product\/5256"}],"collection":[{"href":"https:\/\/nanomax.bg\/ro\/wp-json\/wp\/v2\/product"}],"about":[{"href":"https:\/\/nanomax.bg\/ro\/wp-json\/wp\/v2\/types\/product"}],"wp:featuredmedia":[{"embeddable":true,"href":"https:\/\/nanomax.bg\/ro\/wp-json\/wp\/v2\/media\/5257"}],"wp:attachment":[{"href":"https:\/\/nanomax.bg\/ro\/wp-json\/wp\/v2\/media?parent=5256"}],"wp:term":[{"taxonomy":"woo-feed-brand","embeddable":true,"href":"https:\/\/nanomax.bg\/ro\/wp-json\/wp\/v2\/woo-feed-brand?post=5256"}],"curies":[{"name":"wp","href":"https:\/\/api.w.org\/{rel}","templated":true}]}}