{"id":5262,"date":"2019-07-01T08:57:11","date_gmt":"2019-07-01T05:57:11","guid":{"rendered":"https:\/\/icoanebizantine.com\/?post_type=product&#038;p=5262"},"modified":"2023-04-27T16:48:16","modified_gmt":"2023-04-27T13:48:16","slug":"solutie-anti-aburire-nanoauto-100-ml","status":"publish","type":"product","link":"https:\/\/nanomax.bg\/ro\/produs\/solutie-anti-aburire-nanoauto-100-ml\/","title":{"rendered":"Solutie Nano anti-aburire 100 ml, NanoAuto"},"content":{"rendered":"<p>Solutie avansat\u0103 bazat\u0103 pe nanotehnologii, care impiedica aburirea geamurilor masinii. Nano &#8211; moleculele blocheaz\u0103 \u00een mod eficient formarea de vapori de ap\u0103 pe suprafe\u021bele tratate. Doar aplicati solutie pe \u00eentreaga suprafa\u021b\u0103 \u0219i lustrui\u021bi u\u0219or. Pute\u021bi uita de aburirie pana la o luna!<br \/>\nVolum: 100\u00a0ml<\/p>\n<p><strong>METODA DE APLICARE:<br \/>\n<\/strong>Produsul se utilizeaza numai pe interiorul geamurilor. \u00cenainte de utilizare, se spal\u0103 si usuca geamurile\u00a0foarte bine, de preferin\u021b\u0103 cu NANOAUTO CURATARE GEAMURI. \u00cen continuare se pulverizeaza sticla lustruindu-se cu un prosop de hartie sau laveta microfibra pe \u00eentreaga suprafa\u021b\u0103.<\/p>\n<p><strong>Precautii:<\/strong> Nu aplicati produsul in bataia directa a razelor solare. Aplicati la temperaturi cuprinse intre +5 si 30 \u00b0 C.<\/p>\n","protected":false},"excerpt":{"rendered":"<p>Solutie avansat\u0103 bazat\u0103 pe nanotehnologii, care impiedica aburirea geamurilor masinii. Nano &#8211; moleculele blocheaz\u0103 \u00een mod eficient formarea de vapori de ap\u0103 pe suprafe\u021bele tratate. Doar aplicati solutie pe \u00eentreaga suprafa\u021b\u0103 \u0219i lustrui\u021bi u\u0219or. Pute\u021bi uita de aburirie pana la o luna!<\/p>\n<p>Volum: 100 ml, 250ml,\u00a05L<\/p>\n","protected":false},"featured_media":5263,"template":"","meta":{"_et_pb_use_builder":"","_et_pb_old_content":"","_et_gb_content_width":"","om_disable_all_campaigns":false},"woo-feed-brand":[],"supplier_id":null,"supplier_sku":"","atum_controlled":false,"out_stock_date":null,"out_stock_threshold":null,"inheritable":false,"inbound_stock":null,"stock_on_hold":null,"sold_today":null,"sales_last_days":null,"reserved_stock":null,"customer_returns":null,"warehouse_damage":null,"lost_in_post":null,"other_logs":null,"out_stock_days":null,"lost_sales":null,"has_location":false,"update_date":"2023-08-10T04:59:34","atum_locations":[],"atum_stock_status":"instock","low_stock":false,"low_stock_amount":"","acf":[],"_links":{"self":[{"href":"https:\/\/nanomax.bg\/ro\/wp-json\/wp\/v2\/product\/5262"}],"collection":[{"href":"https:\/\/nanomax.bg\/ro\/wp-json\/wp\/v2\/product"}],"about":[{"href":"https:\/\/nanomax.bg\/ro\/wp-json\/wp\/v2\/types\/product"}],"wp:featuredmedia":[{"embeddable":true,"href":"https:\/\/nanomax.bg\/ro\/wp-json\/wp\/v2\/media\/5263"}],"wp:attachment":[{"href":"https:\/\/nanomax.bg\/ro\/wp-json\/wp\/v2\/media?parent=5262"}],"wp:term":[{"taxonomy":"woo-feed-brand","embeddable":true,"href":"https:\/\/nanomax.bg\/ro\/wp-json\/wp\/v2\/woo-feed-brand?post=5262"}],"curies":[{"name":"wp","href":"https:\/\/api.w.org\/{rel}","templated":true}]}}