{"id":5264,"date":"2019-07-01T08:59:42","date_gmt":"2019-07-01T05:59:42","guid":{"rendered":"https:\/\/icoanebizantine.com\/?post_type=product&#038;p=5264"},"modified":"2025-11-10T18:08:56","modified_gmt":"2025-11-10T15:08:56","slug":"tratament-soft-top-500-ml","status":"publish","type":"product","link":"https:\/\/nanomax.bg\/ro\/produs\/tratament-soft-top-500-ml\/","title":{"rendered":"Impermeabilizant Soft Top Cabrio 500 ml, NanoAuto"},"content":{"rendered":"<p><iframe src=\"https:\/\/www.youtube.com\/embed\/h7XmciQFiL0\" width=\"560\" height=\"315\" frameborder=\"0\" allowfullscreen=\"allowfullscreen\"><\/iframe><\/p>\n<p><span style=\"color: #000000;\">\u00a0 \u00a0 \u00a0 Suprafe\u021bei tratate nu-i se schimb\u0103 culoarea, impresia tactil\u0103 sau permiabilitatea materialului. Stratul protector este rezistent la condens, ploi acide dar \u0219i s\u0103ruri sau cur\u0103\u021bare chimic\u0103.<\/span><\/p>\n<p><span style=\"color: #000000;\">\u00a0 \u00a0 \u00a0 Produs pe baz\u0103 de silica\u021bi \u0219i ap\u0103. Nu con\u021bine solven\u021bi d\u0103un\u0103tori \u0219i este sigur pentru mediul \u00eenconjur\u0103tor.<\/span><\/p>\n<p><span style=\"color: #000000;\"><strong>\u00a0 \u00a0 \u00a0 <span style=\"color: #ff0000;\">METOD\u0102 DE APLICARE: <\/span><\/strong>\u00cenainte de a aplic\u0103 produsul, acoperi\u0219ul trebuie s\u0103 fie uscat \u0219i curat. Pe suprafa\u021ba de tratat, se pulverizeaz\u0103 Nanoauto Cabrio Protect. \u00cen continuare, se \u00eentinde pe zona tratat\u0103 cu o lavet\u0103 uscat\u0103. <\/span><\/p>\n<p><span style=\"color: #000000;\">\u00a0 \u00a0 \u00a0 Efectul complet va fi testat dup\u0103 4 ore de la aplicarea solu\u021biei. Utiliza\u021bi la temperaturi cuprinse \u00eentre 15 \u0219i 30 \u00b0 C. Eficien\u021b\u0103 &#8211; 80-140ml \/ m2 .<\/span><\/p>\n<p><span style=\"color: #000000;\"><span style=\"color: #ff0000;\"><strong>\u00a0 \u00a0 \u00a0 Not\u0103!<\/strong>\u00a0<\/span>Dup\u0103 tratament, soft-topul nu trebuie s\u0103 \u00eentre \u00een contact cu ap\u0103 timp de cel pu\u021b\u00een 4 ore. Pentru efect durabil, se recomand\u0103 aplicare \u00een 2 m\u00e2ini.<\/span><\/p>\n","protected":false},"excerpt":{"rendered":"<p><span style=\"color: #000000;\"><span style=\"color: #ff0000;\"><span style=\"color: #000000;\">\u00a0 \u00a0 \u00a0 <\/span><strong style=\"color: #ff0000;\">Solu\u021bie inovatoare<\/strong><\/span><span style=\"color: #000000;\"> folosind nano &#8211; molecule pentru a proteja soft-topul ma\u0219inilor cabrio. Folosirea nanotehnologiei ofer\u0103 protec\u021bie fiec\u0103rei fibre pe suprafa\u021b\u0103 protejat\u0103, cre\u00e2nd un stat nano rezistent \u0219i durabil. <\/span><\/span><\/p>\n<p><span style=\"color: #000000;\">\u00a0 \u00a0 \u00a0 Solu\u021bia creeaz\u0103 efectul de respingere a pic\u0103turilor de ap\u0103 pe suprafa\u021ba soft topului \u0219i \u00een timpul deplas\u0103rii , ap\u0103 &#8220;se scurge&#8221; l\u0103s\u00e2nd materialul uscat.<\/span><\/p>\n<p><span style=\"color: #000000;\">\u00a0 \u00a0 \u00a0 Suprafe\u021bei tratate nu-i se schimb\u0103 culoarea, impresia tactil\u0103 sau permiabilitatea materialului. Stratul protector este rezistent la condens, ploi acide dar \u0219i s\u0103ruri sau cur\u0103\u021bare chimic\u0103. Produs pe baz\u0103 de silica\u021bi \u0219i ap\u0103. Nu con\u021bine solven\u021bi d\u0103un\u0103tori \u0219i este sigur pentru mediul \u00eenconjur\u0103tor .<\/span><\/p>\n<p><span style=\"color: #000000;\">\u00a0 <strong>\u00a0 \u00a0 <span style=\"color: #ff0000;\">Volum:<\/span> 500 ml.<\/strong><\/span><\/p>\n<p style=\"text-align: center;\"><span style=\"color: #ff0000;\"><strong>Garan\u021bia\u00a0<span style=\"color: #000000;\">Nanomax:\u00a0<\/span>100%<\/strong><\/span><\/p>\n<div style=\"text-align: center;\"><span style=\"color: #ff0000;\"><strong>Suprafe\u021be protejate sau banii \u00eenapoi!<\/strong><\/span><\/div>\n","protected":false},"featured_media":5265,"template":"","meta":{"_et_pb_use_builder":"","_et_pb_old_content":"","_et_gb_content_width":"","om_disable_all_campaigns":false},"woo-feed-brand":[],"supplier_id":null,"supplier_sku":"","atum_controlled":false,"out_stock_date":null,"out_stock_threshold":null,"inheritable":false,"inbound_stock":null,"stock_on_hold":0,"sold_today":0,"sales_last_days":0,"reserved_stock":null,"customer_returns":null,"warehouse_damage":null,"lost_in_post":null,"other_logs":null,"out_stock_days":0,"lost_sales":0,"has_location":false,"update_date":"2026-03-03T05:46:59","atum_locations":[],"atum_stock_status":"instock","low_stock":false,"low_stock_amount":"","acf":[],"_links":{"self":[{"href":"https:\/\/nanomax.bg\/ro\/wp-json\/wp\/v2\/product\/5264"}],"collection":[{"href":"https:\/\/nanomax.bg\/ro\/wp-json\/wp\/v2\/product"}],"about":[{"href":"https:\/\/nanomax.bg\/ro\/wp-json\/wp\/v2\/types\/product"}],"wp:featuredmedia":[{"embeddable":true,"href":"https:\/\/nanomax.bg\/ro\/wp-json\/wp\/v2\/media\/5265"}],"wp:attachment":[{"href":"https:\/\/nanomax.bg\/ro\/wp-json\/wp\/v2\/media?parent=5264"}],"wp:term":[{"taxonomy":"woo-feed-brand","embeddable":true,"href":"https:\/\/nanomax.bg\/ro\/wp-json\/wp\/v2\/woo-feed-brand?post=5264"}],"curies":[{"name":"wp","href":"https:\/\/api.w.org\/{rel}","templated":true}]}}