{"id":5266,"date":"2019-07-01T09:01:43","date_gmt":"2019-07-01T06:01:43","guid":{"rendered":"https:\/\/icoanebizantine.com\/?post_type=product&#038;p=5266"},"modified":"2025-10-09T14:23:00","modified_gmt":"2025-10-09T11:23:00","slug":"solutie-pentru-impermeabilizarea-tapiteriei-textile","status":"publish","type":"product","link":"https:\/\/nanomax.bg\/ro\/produs\/solutie-pentru-impermeabilizarea-tapiteriei-textile\/","title":{"rendered":"Solutie pentru impermeabilizarea tapiteriei textile, NanoAuto 500 ml"},"content":{"rendered":"<p><span style=\"color: #000000;\">\u00a0 \u00a0 \u00a0 Etan\u0219area textil\u0103 reprezint\u0103 o impregnare apoas\u0103 a textilelor, \u00een scopul ob\u021binerii efectului hidrofob (respinge ap\u0103) \u0219i oleofob (respinge substan\u021be uleioase). <\/span><\/p>\n<p><span style=\"color: #000000;\">\u00a0 \u00a0 \u00a0 Datorit\u0103 efectului hidrofob, at\u00e2t rat\u0103 de penetrare a umidit\u0103\u021bii \u00een textilele tratate sau tapetarie, c\u00e2t \u0219i a altor impurit\u0103\u021bi, de exemplu funingine sau cafea, va sc\u0103dea considerabil.<\/span><\/p>\n<p><img loading=\"lazy\" class=\"alignnone wp-image-6085\" src=\"https:\/\/nanomax.bg\/wp-content\/uploads\/2019\/07\/WhatsApp-Image-2020-03-19-at-19.08.44-3-300x200.jpeg\" alt=\"\" width=\"499\" height=\"333\" srcset=\"https:\/\/nanomax.bg\/wp-content\/uploads\/2019\/07\/WhatsApp-Image-2020-03-19-at-19.08.44-3-300x200.jpeg 300w, https:\/\/nanomax.bg\/wp-content\/uploads\/2019\/07\/WhatsApp-Image-2020-03-19-at-19.08.44-3-768x512.jpeg 768w, https:\/\/nanomax.bg\/wp-content\/uploads\/2019\/07\/WhatsApp-Image-2020-03-19-at-19.08.44-3-600x400.jpeg 600w, https:\/\/nanomax.bg\/wp-content\/uploads\/2019\/07\/WhatsApp-Image-2020-03-19-at-19.08.44-3.jpeg 960w\" sizes=\"(max-width: 499px) 100vw, 499px\" \/><\/p>\n<p><strong><span style=\"color: #000000;\">\u00a0 \u00a0 \u00a0 <\/span><span style=\"color: #ff0000;\">Capacitate de acoperire:<\/span><\/strong><span style=\"color: #000000;\"> Aprox. 60-100 ml per m\u00b2 (\u00een func\u021bie de tipurile de materiale textile).<\/span><\/p>\n<p><span style=\"color: #000000;\"><strong>\u00a0 \u00a0 \u00a0 <span style=\"color: #ff0000;\">Mod de utilizare: <\/span><\/strong>\u00cenaintea aplic\u0103rii, materialele textile trebuie s\u0103 fie curate \u0219i uscate. Agita\u021bi \u00eenainte de utilizare. <\/span><\/p>\n<p><span style=\"color: #000000;\">\u00a0 \u00a0 \u00a0 Se recomand\u0103 aplicarea prin pulverizare (de exemplu cu pulverizator manual) sau prin scufundare, respectiv aplicarea cu o rola. \u0218terge\u021bi cu o m\u0103nu\u0219\u0103 de plastic pentru impregnare pe toat\u0103 suprafa\u021b\u0103.<\/span><\/p>\n<p><span style=\"color: #000000;\"><strong><span style=\"color: #ff0000;\">\u00a0 \u00a0 \u00a0 \u00a0IMPORTANT:<\/span><br \/>\n<\/strong>\u00a0 \u00a0 \u00a0 Uscarea se execut\u0103 la temperatura camerei (cel pu\u021b\u00een 1 ora sau p\u00e2n\u0103 c\u00e2nd materialului devine uscat) sau prin uscare termic\u0103 de p\u00e2n\u0103 la 160\u00b0C \u00een tunel de uscare sau usc\u0103tor cu aer. <\/span><\/p>\n<p><span style=\"color: #000000;\">\u00a0 \u00a0 \u00a0 Alternativ, materialul se poate usca numai cu fierul de c\u0103lcat.<\/span><\/p>\n","protected":false},"excerpt":{"rendered":"<p><span style=\"color: #000000;\">\u00a0 \u00a0 \u00a0 Un produs <span style=\"color: #ff0000;\"><strong>excelent pentru protejarea \u00eempotriva tuturor tipurilor de murd\u0103rie \u0219i pete de pe elementele de tapi\u021berie \u0219i textile<\/strong><\/span> prin crearea unui strat hidrofob.\u00a0 \u00a0 \u00a0<\/span><\/p>\n<p><span style=\"color: #000000;\"><span style=\"color: #ff0000;\"><strong>\u00a0 \u00a0 \u00a0 Solu\u021bie special\u0103<\/strong><\/span> pentru impermibializarea elementelor textile din ma\u0219in\u0103 ta. Gra\u021bie moleculelor nanometrice se creeaz\u0103 un&lt;strong&gt; strat protector invizibil&lt;\/strong&gt; \u00een jurul fiec\u0103rei fibre.<\/span><\/p>\n<p><span style=\"color: #000000;\">\u00a0 \u00a0 \u00a0 Protejeaz\u0103 \u00eempotriva decolor\u0103rii materialului furniz\u00e2nd propriet\u0103\u021bi hidrofobe.<\/span><\/p>\n<p><span style=\"color: #000000;\">\u00a0 \u00a0 \u00a0 Stratul nano protector previne murd\u0103ria pe suprafa\u021b\u0103 aplicat\u0103 \u0219i nu provoac\u0103 pete. Securizeaz\u0103 protec\u021bia hidrofoba timp de 12 luni (\u00een func\u021bie de uzur\u0103 materialului).<\/span><\/p>\n<p><span style=\"color: #000000;\">\u00a0 \u00a0 \u00a0 Datorit\u0103 efectului hidrofob, at\u00e2t rat\u0103 de penetrare a umidit\u0103\u021bii \u00een textilele tratate sau tapetarie, c\u00e2t \u0219i a altor impurit\u0103\u021bi, de exemplu praf sau cafea, va sc\u0103dea considerabil.<\/span><\/p>\n<p><strong><span style=\"color: #ff0000;\">\u00a0 \u00a0 \u00a0 BENEFICII:<\/span><\/strong><\/p>\n<ul>\n<li><span style=\"color: #000000;\">Formeaz\u0103 un strat de acoperire sub\u021bire, aproape invizibil, \u00een jurul fibrei;<\/span><\/li>\n<li><span style=\"color: #000000;\">Respinge ap\u0103;<\/span><\/li>\n<li><span style=\"color: #000000;\">Respinge substan\u021bele uleioase;<\/span><\/li>\n<li><span style=\"color: #000000;\">Nu modific\u0103 culoarea materialului;<\/span><\/li>\n<li><span style=\"color: #000000;\">Creeaz\u0103 un strat hidrofob.<\/span><\/li>\n<\/ul>\n<p><span style=\"color: #000000;\">\u00a0 \u00a0 \u00a0 <strong><span style=\"color: #ff0000;\">Volum:<\/span> 500 ml.<\/strong><\/span><\/p>\n","protected":false},"featured_media":5267,"template":"","meta":{"_et_pb_use_builder":"","_et_pb_old_content":"","_et_gb_content_width":"","om_disable_all_campaigns":false},"woo-feed-brand":[],"supplier_id":null,"supplier_sku":"","atum_controlled":true,"out_stock_date":null,"out_stock_threshold":null,"inheritable":false,"inbound_stock":null,"stock_on_hold":0,"sold_today":0,"sales_last_days":0,"reserved_stock":null,"customer_returns":null,"warehouse_damage":null,"lost_in_post":null,"other_logs":null,"out_stock_days":0,"lost_sales":0,"has_location":false,"update_date":"2025-10-09T08:23:03","atum_locations":[],"atum_stock_status":"outofstock","low_stock":false,"low_stock_amount":"","acf":[],"_links":{"self":[{"href":"https:\/\/nanomax.bg\/ro\/wp-json\/wp\/v2\/product\/5266"}],"collection":[{"href":"https:\/\/nanomax.bg\/ro\/wp-json\/wp\/v2\/product"}],"about":[{"href":"https:\/\/nanomax.bg\/ro\/wp-json\/wp\/v2\/types\/product"}],"wp:featuredmedia":[{"embeddable":true,"href":"https:\/\/nanomax.bg\/ro\/wp-json\/wp\/v2\/media\/5267"}],"wp:attachment":[{"href":"https:\/\/nanomax.bg\/ro\/wp-json\/wp\/v2\/media?parent=5266"}],"wp:term":[{"taxonomy":"woo-feed-brand","embeddable":true,"href":"https:\/\/nanomax.bg\/ro\/wp-json\/wp\/v2\/woo-feed-brand?post=5266"}],"curies":[{"name":"wp","href":"https:\/\/api.w.org\/{rel}","templated":true}]}}