{"id":5284,"date":"2019-07-01T12:28:38","date_gmt":"2019-07-01T09:28:38","guid":{"rendered":"https:\/\/icoanebizantine.com\/?post_type=product&#038;p=5284"},"modified":"2024-03-06T16:43:49","modified_gmt":"2024-03-06T13:43:49","slug":"solutie-curatare-si-ingrijire-tapiterie-din-piele","status":"publish","type":"product","link":"https:\/\/nanomax.bg\/ro\/produs\/solutie-curatare-si-ingrijire-tapiterie-din-piele\/","title":{"rendered":"Solutie curatare si ingrijire tapiterie din piele, NanoAuto"},"content":{"rendered":"<p><strong>Descriere<\/strong><\/p>\n<p>Un produs excelent pentru indepartarea oricarei tip de murdarie de pe elemente din piele si asemanatoare pielii. Pentru protectie completa, este recomandata aplicarea cu <strong>Solutie pentru impermeabilizarea tapiteriei\u00a0din piele NANOAUTO<\/strong> \u00a0dupa utilizarea produsului.<\/p>\n<p><strong>BENEFICII:<\/strong><\/p>\n<p>-Hidrateaza si indeparteaza chiar si petele grele, fara a distruge sau schimba structura si culoarea materialului;<\/p>\n<p>-Nu usuca suprafata;<\/p>\n<p>-Indepartarea oricarei tip de murdarie de pe elemente din piele si asemanatoare pielii.<\/p>\n<p><strong>VOLUM:<\/strong> 750 ml<\/p>\n<p><strong>Mod de utilizare: <\/strong>Se pulverizeaz\u0103 bine pe suprafa\u021ba de tratat. Suprafe\u021bele puternic impregnate pot fi pulverizate de c\u00e2teva ori. \u00cen continuare ,\u00a0 se lustruieste cu o c\u00e2rp\u0103 curat\u0103 \u0219i moale p\u00e2n\u0103 la ob\u021binerea efectului dorit. \u00cenainte de utilizare, verifica\u021bi pe o zon\u0103 ascuns\u0103 in vederea asocierii cu materialul Dvs.<\/p>\n","protected":false},"excerpt":{"rendered":"<p>Un produs excelent pentru indepartarea oricarei tip de murdarie de pe elemente din piele si asemanatoare pielii. Hidrateaza si indeparteaza chiar si petele grele, fara a distruge sau schimba structura si culoarea materialului. Nu usuca suprafata.<br \/>\nPentru protectie completa, este recomandata aplicarea cu Solutie pentru impermeabilizarea tapiteriei din piele NANOAUTO dupa utilizarea produsului.<\/p>\n","protected":false},"featured_media":5285,"template":"","meta":{"_et_pb_use_builder":"","_et_pb_old_content":"","_et_gb_content_width":"","om_disable_all_campaigns":false},"woo-feed-brand":[],"supplier_id":null,"supplier_sku":"","atum_controlled":true,"out_stock_date":null,"out_stock_threshold":null,"inheritable":false,"inbound_stock":null,"stock_on_hold":0,"sold_today":0,"sales_last_days":0,"reserved_stock":null,"customer_returns":null,"warehouse_damage":null,"lost_in_post":null,"other_logs":null,"out_stock_days":0,"lost_sales":0,"has_location":false,"update_date":"2024-03-06T10:44:01","atum_locations":[],"atum_stock_status":"instock","low_stock":false,"low_stock_amount":"","acf":[],"_links":{"self":[{"href":"https:\/\/nanomax.bg\/ro\/wp-json\/wp\/v2\/product\/5284"}],"collection":[{"href":"https:\/\/nanomax.bg\/ro\/wp-json\/wp\/v2\/product"}],"about":[{"href":"https:\/\/nanomax.bg\/ro\/wp-json\/wp\/v2\/types\/product"}],"wp:featuredmedia":[{"embeddable":true,"href":"https:\/\/nanomax.bg\/ro\/wp-json\/wp\/v2\/media\/5285"}],"wp:attachment":[{"href":"https:\/\/nanomax.bg\/ro\/wp-json\/wp\/v2\/media?parent=5284"}],"wp:term":[{"taxonomy":"woo-feed-brand","embeddable":true,"href":"https:\/\/nanomax.bg\/ro\/wp-json\/wp\/v2\/woo-feed-brand?post=5284"}],"curies":[{"name":"wp","href":"https:\/\/api.w.org\/{rel}","templated":true}]}}