{"id":5288,"date":"2019-07-01T12:32:17","date_gmt":"2019-07-01T09:32:17","guid":{"rendered":"https:\/\/icoanebizantine.com\/?post_type=product&#038;p=5288"},"modified":"2024-03-06T16:41:45","modified_gmt":"2024-03-06T13:41:45","slug":"spray-bord-auto-mat-750-ml","status":"publish","type":"product","link":"https:\/\/nanomax.bg\/ro\/produs\/spray-bord-auto-mat-750-ml\/","title":{"rendered":"Spray Bord Auto Mat 750 ml, NanoAuto"},"content":{"rendered":"<p><strong>Descriere<\/strong><\/p>\n<p>Solutie de specialitate pentru cur\u0103\u021barea \u0219i protejarea cockpit-ului, l\u0103s\u00e2nd un efect mat. Con\u021bine agenti anti &#8211; bacterieni nano &#8211; silver.<br \/>\nAntireflectiv \u0219i antistatic.<\/p>\n<p><img loading=\"lazy\" class=\"alignnone wp-image-6084\" src=\"https:\/\/nanomax.bg\/wp-content\/uploads\/2019\/07\/WhatsApp-Image-2020-03-19-at-19.08.44-4-300x200.jpeg\" alt=\"\" width=\"465\" height=\"311\" srcset=\"https:\/\/nanomax.bg\/wp-content\/uploads\/2019\/07\/WhatsApp-Image-2020-03-19-at-19.08.44-4-300x200.jpeg 300w, https:\/\/nanomax.bg\/wp-content\/uploads\/2019\/07\/WhatsApp-Image-2020-03-19-at-19.08.44-4-768x512.jpeg 768w, https:\/\/nanomax.bg\/wp-content\/uploads\/2019\/07\/WhatsApp-Image-2020-03-19-at-19.08.44-4-600x400.jpeg 600w, https:\/\/nanomax.bg\/wp-content\/uploads\/2019\/07\/WhatsApp-Image-2020-03-19-at-19.08.44-4.jpeg 960w\" sizes=\"(max-width: 465px) 100vw, 465px\" \/><\/p>\n<p><strong>BENEFICII:<\/strong><\/p>\n<p>-Elimin\u0103 toate tipurile de murd\u0103rie l\u0103s\u00e2nd suprafa\u021ba curat\u0103 \u0219i cu miros pl\u0103cut;<\/p>\n<p>&#8211; Protejeaz\u0103 elementele tratate \u0219i cele din plastic \u00eempotriva murd\u0103riei;<\/p>\n<p>-Nu las\u0103 pete;<\/p>\n<p>-P\u0103streaza interiorul curat pentru mai multe zile dup\u0103 aplicare.<\/p>\n<p><strong>Mod de utilizare: <\/strong>Solutia se aplica prin pulverizare pe suprafa\u021ba bordului. Se sterge \u0219i se lustruieste suprafa\u021ba tratata cu o carpa p\u00e2n\u0103 la ob\u021binerea efectului mat.<\/p>\n","protected":false},"excerpt":{"rendered":"<p>Solutie de specialitate pentru cur\u0103\u021barea \u0219i protejarea cockpit-ului, l\u0103s\u00e2nd un efect mat. Con\u021bine agenti anti &#8211; bacterieni nano &#8211; silver. Antireflectiv \u0219i antistatic.<\/p>\n<p>Elimin\u0103 toate tipurile de murd\u0103rie l\u0103s\u00e2nd suprafa\u021ba curat\u0103 \u0219i cu miros pl\u0103cut. \u00cen plus, protejeaz\u0103 elementele tratate \u0219i cele din plastic \u00eempotriva murd\u0103riei. Nu las\u0103 pete. BORD AUTO\u00a0MATT p\u0103streaza interiorul curat pentru mai multe zile dup\u0103 aplicare.<\/p>\n<p>Volum: 750 ml<\/p>\n","protected":false},"featured_media":5289,"template":"","meta":{"_et_pb_use_builder":"","_et_pb_old_content":"","_et_gb_content_width":"","om_disable_all_campaigns":false},"woo-feed-brand":[],"supplier_id":null,"supplier_sku":"","atum_controlled":true,"out_stock_date":null,"out_stock_threshold":null,"inheritable":false,"inbound_stock":null,"stock_on_hold":0,"sold_today":0,"sales_last_days":3,"reserved_stock":null,"customer_returns":null,"warehouse_damage":null,"lost_in_post":null,"other_logs":null,"out_stock_days":0,"lost_sales":0,"has_location":false,"update_date":"2024-03-06T10:41:49","atum_locations":[],"atum_stock_status":"instock","low_stock":false,"low_stock_amount":"","acf":[],"_links":{"self":[{"href":"https:\/\/nanomax.bg\/ro\/wp-json\/wp\/v2\/product\/5288"}],"collection":[{"href":"https:\/\/nanomax.bg\/ro\/wp-json\/wp\/v2\/product"}],"about":[{"href":"https:\/\/nanomax.bg\/ro\/wp-json\/wp\/v2\/types\/product"}],"wp:featuredmedia":[{"embeddable":true,"href":"https:\/\/nanomax.bg\/ro\/wp-json\/wp\/v2\/media\/5289"}],"wp:attachment":[{"href":"https:\/\/nanomax.bg\/ro\/wp-json\/wp\/v2\/media?parent=5288"}],"wp:term":[{"taxonomy":"woo-feed-brand","embeddable":true,"href":"https:\/\/nanomax.bg\/ro\/wp-json\/wp\/v2\/woo-feed-brand?post=5288"}],"curies":[{"name":"wp","href":"https:\/\/api.w.org\/{rel}","templated":true}]}}