{"id":5417,"date":"2019-07-09T17:49:53","date_gmt":"2019-07-09T14:49:53","guid":{"rendered":"https:\/\/icoanebizantine.com\/?post_type=product&#038;p=5417"},"modified":"2022-12-06T12:18:46","modified_gmt":"2022-12-06T09:18:46","slug":"kit-protectie-complet-exterior-auto","status":"publish","type":"product","link":"https:\/\/nanomax.bg\/ro\/produs\/kit-protectie-complet-exterior-auto\/","title":{"rendered":"KIT protectie complet exterior auto, NanoAuto"},"content":{"rendered":"<p><span style=\"color: #000000;\">\u00a0 \u00a0 \u00a0 <span style=\"color: #ff0000;\"><strong>Kit-ul este format din:<\/strong><\/span><\/span><\/p>\n<ul>\n<li><span style=\"color: #000000;\"><strong>Sealant protec\u021bie caroserie ma\u0219in\u0103<\/strong>\u00a0&#8211; destinat pentru asigurarea protec\u021biei vopselei caroseriei, \u00eembun\u0103t\u0103\u021birii luciului dar \u0219i efectul <span style=\"color: #ff0000;\"><strong>&#8220;easy to clean&#8221;<\/strong><\/span>.<\/span><\/li>\n<li><span style=\"color: #000000;\"><strong>Tratament geamuri &#8211;\u00a0<\/strong>\u00eembun\u0103t\u0103\u021be\u0219te confortul la volan \u0219i siguran\u021b\u0103 Dvs at\u00e2t pe timp de vara, c\u00e2t \u0219i pe timp de iarn\u0103. Sticl\u0103 este transformat\u0103 \u00een sticl\u0103 hidrofoba cu propriet\u0103\u021bi excelente de respingere a apei, ploii, ninsorii.<\/span><\/li>\n<li><span style=\"color: #000000;\"><strong>Tratament hidrofob jante<\/strong>\u00a0&#8211; este destinat protej\u0103rii jantelor de micro-zgaraieturi, u\u0219ureaz\u0103 sp\u0103larea \u0219i \u00eembun\u0103t\u0103\u021be\u0219te luciul materialului.<\/span><\/li>\n<\/ul>\n","protected":false},"excerpt":{"rendered":"<p><span style=\"color: #000000;\">\u00a0 \u00a0 \u00a0 Produsele de protec\u021bie a vopselei intr\u0103 \u00een porii vopselei, \u00een imperfec\u021biuni \u0219i formeaz\u0103 un film protector pe suprafa\u021b\u0103 ei. <\/span><\/p>\n<p><span style=\"color: #000000;\">\u00a0 \u00a0 \u00a0 \u00cen esen\u021b\u0103, \u00een sezonul rece, aceste produse minimalizeaz\u0103 sau elimina ac\u021biunea degradant\u0103 a ciclurilor \u00eenghe\u021b\/dezghe\u021b \u0219i a produselor corozive \u0219i distructive pentru vopsea.<\/span><\/p>\n<p><span style=\"color: #000000;\">\u00a0 \u00a0 \u00a0 <span style=\"color: #ff0000;\"><strong>Kit-ul este format din:<\/strong><\/span><\/span><\/p>\n<ul>\n<li><span style=\"color: #000000;\"><strong>Tratament caroserie ma\u0219in\u0103<\/strong> &#8211; destinat pentru asigurarea protec\u021biei vopselei caroseriei, \u00eembun\u0103t\u0103\u021birii luciului dar \u0219i efectul &#8220;easy to clean&#8221;;<\/span><\/li>\n<li><span style=\"color: #000000;\"><strong>Tratament geamuri &#8211;\u00a0<\/strong>\u00eembun\u0103t\u0103\u021be\u0219te confortul la volan \u0219i siguran\u021b\u0103 Dvs at\u00e2t pe timp de vara, c\u00e2t \u0219i pe timp de iarn\u0103. Sticl\u0103 este transformat\u0103 \u00een sticl\u0103 hidrofob\u0103 cu propriet\u0103\u021bi excelente de respingere a apei, ploii, ninsorii;<\/span><\/li>\n<li><span style=\"color: #000000;\"><strong>Tratament hidrofob jante<\/strong> &#8211; este destinat protej\u0103rii jantelor de micro-zgaraieturi, u\u0219ureaz\u0103 sp\u0103larea \u0219i \u00eembun\u0103t\u0103\u021be\u0219te luciul materialului.<\/span><\/li>\n<\/ul>\n","protected":false},"featured_media":5351,"template":"","meta":{"_et_pb_use_builder":"","_et_pb_old_content":"","_et_gb_content_width":"","om_disable_all_campaigns":false},"woo-feed-brand":[],"supplier_id":null,"supplier_sku":"","atum_controlled":true,"out_stock_date":null,"out_stock_threshold":null,"inheritable":false,"inbound_stock":null,"stock_on_hold":0,"sold_today":0,"sales_last_days":1,"reserved_stock":null,"customer_returns":null,"warehouse_damage":null,"lost_in_post":null,"other_logs":null,"out_stock_days":0,"lost_sales":0,"has_location":false,"update_date":"2022-12-06T06:18:49","atum_locations":[],"atum_stock_status":"outofstock","low_stock":false,"low_stock_amount":"","acf":[],"_links":{"self":[{"href":"https:\/\/nanomax.bg\/ro\/wp-json\/wp\/v2\/product\/5417"}],"collection":[{"href":"https:\/\/nanomax.bg\/ro\/wp-json\/wp\/v2\/product"}],"about":[{"href":"https:\/\/nanomax.bg\/ro\/wp-json\/wp\/v2\/types\/product"}],"wp:featuredmedia":[{"embeddable":true,"href":"https:\/\/nanomax.bg\/ro\/wp-json\/wp\/v2\/media\/5351"}],"wp:attachment":[{"href":"https:\/\/nanomax.bg\/ro\/wp-json\/wp\/v2\/media?parent=5417"}],"wp:term":[{"taxonomy":"woo-feed-brand","embeddable":true,"href":"https:\/\/nanomax.bg\/ro\/wp-json\/wp\/v2\/woo-feed-brand?post=5417"}],"curies":[{"name":"wp","href":"https:\/\/api.w.org\/{rel}","templated":true}]}}