{"id":5423,"date":"2019-07-09T18:17:33","date_gmt":"2019-07-09T15:17:33","guid":{"rendered":"https:\/\/icoanebizantine.com\/?post_type=product&#038;p=5423"},"modified":"2024-03-06T16:32:45","modified_gmt":"2024-03-06T13:32:45","slug":"spray-anti-aburire","status":"publish","type":"product","link":"https:\/\/nanomax.bg\/ro\/produs\/spray-anti-aburire\/","title":{"rendered":"SPRAY ANTI-ABURIRE, NanoAuto"},"content":{"rendered":"<p><strong>Descriere<\/strong><\/p>\n<p>Solutie avansat\u0103 bazat\u0103 pe nanotehnologii, care impiedica aburirea geamurilor masinii. Nano &#8211; moleculele blocheaz\u0103 \u00een mod eficient formarea de vapori de ap\u0103 pe suprafe\u021bele tratate. Doar aplicati solutie pe \u00eentreaga suprafa\u021b\u0103 \u0219i lustrui\u021bi u\u0219or. Pute\u021bi uita de aburirie pana la o luna!<\/p>\n<p><img loading=\"lazy\" class=\"alignnone wp-image-6082\" src=\"https:\/\/nanomax.bg\/wp-content\/uploads\/2019\/07\/WhatsApp-Image-2020-03-19-at-19.08.44-300x200.jpeg\" alt=\"\" width=\"470\" height=\"314\" srcset=\"https:\/\/nanomax.bg\/wp-content\/uploads\/2019\/07\/WhatsApp-Image-2020-03-19-at-19.08.44-300x200.jpeg 300w, https:\/\/nanomax.bg\/wp-content\/uploads\/2019\/07\/WhatsApp-Image-2020-03-19-at-19.08.44-768x512.jpeg 768w, https:\/\/nanomax.bg\/wp-content\/uploads\/2019\/07\/WhatsApp-Image-2020-03-19-at-19.08.44-600x400.jpeg 600w, https:\/\/nanomax.bg\/wp-content\/uploads\/2019\/07\/WhatsApp-Image-2020-03-19-at-19.08.44.jpeg 960w\" sizes=\"(max-width: 470px) 100vw, 470px\" \/><\/p>\n<p><strong>BENEFICII:<\/strong><\/p>\n<p>-Blocheaz\u0103 \u00een mod eficient formarea de vapori de ap\u0103 pe suprafe\u021bele tratate;<\/p>\n<p>-Impiedica aburirea geamurilor masinii.<\/p>\n<p><strong>Volum<\/strong>: 100 ml<\/p>\n<p><strong>Mod de utilizare: <\/strong>Produsul se utilizeaza numai pe interiorul geamurilor. \u00cenainte de utilizare, se spal\u0103 si usuca geamurile\u00a0foarte bine, de preferin\u021b\u0103 cu NANOAUTO CURATARE GEAMURI. \u00cen continuare se pulverizeaza sticla lustruindu-se cu un prosop de hartie sau laveta microfibra pe \u00eentreaga suprafa\u021b\u0103.<br \/>\n<strong>Precautii<\/strong>: Nu aplicati produsul in bataia directa a razelor solare. Aplicati la temperaturi cuprinse intre +5 si 30 \u00b0 C.<\/p>\n","protected":false},"excerpt":{"rendered":"<p style=\"text-align: justify;\">Solutie avansat\u0103 bazat\u0103 pe nanotehnologii, care impiedica aburirea geamurilor masinii.<\/p>\n<p style=\"text-align: justify;\">Nano &#8211; moleculele blocheaz\u0103 \u00een mod eficient formarea de vapori de ap\u0103 pe suprafe\u021bele tratate. Doar aplicati solutie pe \u00eentreaga suprafa\u021b\u0103 \u0219i lustrui\u021bi u\u0219or. Pute\u021bi uita de aburirie pana la o luna!<\/p>\n<p>Volum: 100 ml<\/p>\n","protected":false},"featured_media":5263,"template":"","meta":{"_et_pb_use_builder":"","_et_pb_old_content":"","_et_gb_content_width":"","om_disable_all_campaigns":false},"woo-feed-brand":[],"supplier_id":null,"supplier_sku":"","atum_controlled":false,"out_stock_date":null,"out_stock_threshold":null,"inheritable":false,"inbound_stock":null,"stock_on_hold":null,"sold_today":null,"sales_last_days":null,"reserved_stock":null,"customer_returns":null,"warehouse_damage":null,"lost_in_post":null,"other_logs":null,"out_stock_days":null,"lost_sales":null,"has_location":false,"update_date":"2024-03-06T10:32:54","atum_locations":[],"atum_stock_status":"instock","low_stock":false,"low_stock_amount":"","acf":[],"_links":{"self":[{"href":"https:\/\/nanomax.bg\/ro\/wp-json\/wp\/v2\/product\/5423"}],"collection":[{"href":"https:\/\/nanomax.bg\/ro\/wp-json\/wp\/v2\/product"}],"about":[{"href":"https:\/\/nanomax.bg\/ro\/wp-json\/wp\/v2\/types\/product"}],"wp:featuredmedia":[{"embeddable":true,"href":"https:\/\/nanomax.bg\/ro\/wp-json\/wp\/v2\/media\/5263"}],"wp:attachment":[{"href":"https:\/\/nanomax.bg\/ro\/wp-json\/wp\/v2\/media?parent=5423"}],"wp:term":[{"taxonomy":"woo-feed-brand","embeddable":true,"href":"https:\/\/nanomax.bg\/ro\/wp-json\/wp\/v2\/woo-feed-brand?post=5423"}],"curies":[{"name":"wp","href":"https:\/\/api.w.org\/{rel}","templated":true}]}}