{"id":5426,"date":"2019-07-09T18:21:02","date_gmt":"2019-07-09T15:21:02","guid":{"rendered":"https:\/\/icoanebizantine.com\/?post_type=product&#038;p=5426"},"modified":"2021-08-02T12:52:29","modified_gmt":"2021-08-02T09:52:29","slug":"spuma-activa-pro","status":"publish","type":"product","link":"https:\/\/nanomax.bg\/ro\/produs\/spuma-activa-pro\/","title":{"rendered":"Spuma activa Pro, NanoAuto"},"content":{"rendered":"<p><strong>Descriere<\/strong><\/p>\n<p>Spuma activa avansata pentru sp\u0103larea automobilelor \u0219i \u00eendep\u0103rtarea petelor grase. Componentele inovatoare con\u021binute \u00een spuma reac\u021bioneaz\u0103 cu petele, modificand structura lor, motiv pentru care le face u\u0219or de \u00eendep\u0103rtat de pe suprafa\u021ba trata. Spuma activa produce o cantitate mare de spum\u0103, ideala pentru sp\u0103lare fara atingere. Ea nu las\u0103 reziduuri, chiar \u0219i pe caroseriile de masina de culoare \u00eenchis\u0103, oferind un luciu perfect.<\/p>\n<p><strong>BENEFICII:<\/strong><\/p>\n<p>-Petele sunt usor de indepartat, datorita componentelor inovatoare;<br \/>\n-Sp<span class=\"text_exposed_show\">alare fara atingere;<br \/>\n-Contine o cantitate minima de componente potential daunatoare;<br \/>\n-Bun raport calitate\/pret;<br \/>\n-Curatarea rapida a caroseriei.<\/span><\/p>\n<p><iframe src=\"https:\/\/www.youtube.com\/embed\/mrC7FivumnY\" width=\"560\" height=\"315\" frameborder=\"0\" allowfullscreen=\"allowfullscreen\"><\/iframe><\/p>\n<p><strong>Mod de utilizare:<\/strong><\/p>\n<p>Produsul se livreaza sub form\u0103 de concentrat, trebuie diluat cu ap\u0103. A se agita recipientul \u00eenainte de utilizare. Dilueaza produsul.<br \/>\n1.Clateste autovehiculul cu ap\u0103. Aplicati produsul\u00a0pe caroseria ma\u0219inii prin intermediul unui pulverizator sub presiune sau a unui burete. Se asteapta 3 minute dar nu se astepta uscarea produsului pe caroserie.<br \/>\n2. Se spal\u0103 masina cu un pulverizator sub presiune. \u00cen cazul murd\u0103ririi grele se va utiliza un burete pe plan local.<br \/>\n3. \u00cen cazul murd\u0103ririi extrem de grele, utilizeaz\u0103 propor\u021bia de dilu\u021bie de 1 : 10. Dup\u0103 sp\u0103lare, cl\u0103ti\u021bi bine cu ap\u0103.<br \/>\n<strong>Precautii<\/strong>: Nu aplicati produsul in bataia directa a razelor solare.<br \/>\n<strong>Diluare<\/strong>: Spumant 1:10, Lance 1:5, Manual 1:40<\/p>\n","protected":false},"excerpt":{"rendered":"<p>Spuma activa avansata pentru sp\u0103larea automobilelor \u0219i \u00eendep\u0103rtarea petelor grase. Componentele inovatoare con\u021binute \u00een spuma reac\u021bioneaz\u0103 cu petele, modificand structura lor, motiv pentru care\u00a0le face u\u0219or de \u00eendep\u0103rtat de pe suprafa\u021ba trata.<\/p>\n<p>Spuma activa produce o cantitate mare de spum\u0103, ideala pentru sp\u0103lare fara atingere. Ea nu las\u0103 reziduuri, chiar \u0219i pe caroseriile de masina de culoare \u00eenchis\u0103, oferind un luciu perfect.<\/p>\n<p>Volum:\u00a0 5l<\/p>\n","protected":false},"featured_media":5845,"template":"","meta":{"_et_pb_use_builder":"","_et_pb_old_content":"","_et_gb_content_width":"","om_disable_all_campaigns":false},"woo-feed-brand":[],"supplier_id":null,"supplier_sku":"","atum_controlled":false,"out_stock_date":null,"out_stock_threshold":null,"inheritable":false,"inbound_stock":null,"stock_on_hold":null,"sold_today":null,"sales_last_days":null,"reserved_stock":null,"customer_returns":null,"warehouse_damage":null,"lost_in_post":null,"other_logs":null,"out_stock_days":null,"lost_sales":null,"has_location":false,"update_date":"2024-03-13T04:45:59","atum_locations":[],"atum_stock_status":"outofstock","low_stock":false,"low_stock_amount":"","acf":[],"_links":{"self":[{"href":"https:\/\/nanomax.bg\/ro\/wp-json\/wp\/v2\/product\/5426"}],"collection":[{"href":"https:\/\/nanomax.bg\/ro\/wp-json\/wp\/v2\/product"}],"about":[{"href":"https:\/\/nanomax.bg\/ro\/wp-json\/wp\/v2\/types\/product"}],"wp:featuredmedia":[{"embeddable":true,"href":"https:\/\/nanomax.bg\/ro\/wp-json\/wp\/v2\/media\/5845"}],"wp:attachment":[{"href":"https:\/\/nanomax.bg\/ro\/wp-json\/wp\/v2\/media?parent=5426"}],"wp:term":[{"taxonomy":"woo-feed-brand","embeddable":true,"href":"https:\/\/nanomax.bg\/ro\/wp-json\/wp\/v2\/woo-feed-brand?post=5426"}],"curies":[{"name":"wp","href":"https:\/\/api.w.org\/{rel}","templated":true}]}}