{"id":5428,"date":"2019-07-09T18:23:34","date_gmt":"2019-07-09T15:23:34","guid":{"rendered":"https:\/\/icoanebizantine.com\/?post_type=product&#038;p=5428"},"modified":"2024-03-06T16:30:08","modified_gmt":"2024-03-06T13:30:08","slug":"sealant-nanoauto-dupa-spalare-750-ml-nanoauto-protectie-vopse","status":"publish","type":"product","link":"https:\/\/nanomax.bg\/ro\/produs\/sealant-nanoauto-dupa-spalare-750-ml-nanoauto-protectie-vopse\/","title":{"rendered":"Sealant Nanoauto dupa spalare, 750 ml, Nanoauto"},"content":{"rendered":"<p><span style=\"color: #000000;\">\u00a0 \u00a0 \u00a0 Acest produs care este o solu\u021bie de uscare\u00a0 mai rapid\u0103 a ma\u0219inii este probabil cel mai simplu \u0219i rapid mod de a proteja vopseaua ma\u0219inii dumneavoastr\u0103 cu un strat de protec\u021bie \u0219i auto-cur\u0103\u021bare pe baza de nanotehnologii. Pulverizator, pentru utilizare dup\u0103 sp\u0103larea autovehiculului \u00een scop de eliminare a petelor de ap\u0103 mai rapid.<\/span><\/p>\n<p><span style=\"color: #000000;\"><strong>\u00a0 \u00a0 \u00a0 <span style=\"color: #ff0000;\">Unde aplici?<\/span><\/strong><\/span><\/p>\n<p><span style=\"color: #000000;\">\u00a0 \u00a0 \u00a0 <strong>U\u0219or de aplicat<\/strong> \u2013 doar se pulverizeaz\u0103 pe ma\u0219\u00een\u0103 \u00eenc\u0103 ud\u0103 \u0219i se cl\u0103te\u0219te cu ap\u0103 curat\u0103 apoi se se \u0219terge cu mijloace obi\u0219nuite.<\/span><\/p>\n<p><span style=\"color: #000000;\"><b>\u00a0 \u00a0 \u00a0 <span style=\"color: #ff0000;\">Mod de utilizare:<\/span> <\/b>\u00cenainte de a utiliza produsul, se spal\u0103 bine ma\u0219\u00een\u0103, recomandabil cu Nanoauto Spum\u0103 Activ\u0103 Pro. \u00cen continuare, \u00een timp ce ma\u0219in\u0103 \u00eenc\u0103 este ud\u0103 se pulverizeaz\u0103 pe \u00eentreag\u0103 suprafa\u021b\u0103 a ma\u0219inii \u0219i se cl\u0103te\u0219te cu ap\u0103.<\/span><\/p>\n","protected":false},"excerpt":{"rendered":"<p><span style=\"color: #000000;\">\u00a0 \u00a0 \u00a0 Acest produs este probabil cel mai simplu \u0219i rapid mod de a proteja vopseaua ma\u0219inii dumneavoastr\u0103 cu un strat de protec\u021bie \u0219i auto-cur\u0103\u021bare pe baza de nanotehnologii. Pulverizator, pentru utilizare dup\u0103 sp\u0103larea autovehiculului \u00een scop de eliminare a petelor de ap\u0103 mai rapid. <\/span><\/p>\n<p><span style=\"color: #000000;\">\u00a0 \u00a0 <strong>\u00a0 <span style=\"color: #ff0000;\">Elimina<\/span><\/strong> petele \u0219i urmele de ap\u0103.<strong><span style=\"color: #ff0000;\"> Hidrateaz\u0103<\/span> <\/strong>vopseaua \u00een procesul de uscare aplic\u00e2nd \u0219i propriet\u0103\u021bi hidrofobe.<\/span><\/p>\n<p><span style=\"color: #ff0000;\"><strong>\u00a0 \u00a0 \u00a0 BENEFICII:<\/strong><\/span><\/p>\n<ul>\n<li><span style=\"color: #000000;\">Elimin\u0103 petele \u0219i urmele de ap\u0103;<\/span><\/li>\n<li><span style=\"color: #000000;\">Hidrateaz\u0103 vopseaua \u00een procesul de uscare aplic\u00e2nd \u0219i propriet\u0103\u021bi hidrofobe.<\/span><\/li>\n<\/ul>\n<p><span style=\"color: #000000;\">\u00a0 \u00a0 \u00a0 <strong>U\u0219or de aplicat<\/strong> \u2013 doar se pulverizeaz\u0103 pe ma\u0219in\u0103 \u00eenc\u0103 ud\u0103 \u0219i se cl\u0103te\u0219te cu ap\u0103 curat\u0103 apoi se se \u0219terge cu mijloace obi\u0219nuite.<\/span><\/p>\n","protected":false},"featured_media":5429,"template":"","meta":{"_et_pb_use_builder":"","_et_pb_old_content":"","_et_gb_content_width":"","om_disable_all_campaigns":false},"woo-feed-brand":[],"supplier_id":null,"supplier_sku":"","atum_controlled":true,"out_stock_date":null,"out_stock_threshold":null,"inheritable":false,"inbound_stock":null,"stock_on_hold":0,"sold_today":0,"sales_last_days":1,"reserved_stock":null,"customer_returns":null,"warehouse_damage":null,"lost_in_post":null,"other_logs":null,"out_stock_days":0,"lost_sales":0,"has_location":false,"update_date":"2024-03-06T10:30:25","atum_locations":[],"atum_stock_status":"instock","low_stock":false,"low_stock_amount":"","acf":[],"_links":{"self":[{"href":"https:\/\/nanomax.bg\/ro\/wp-json\/wp\/v2\/product\/5428"}],"collection":[{"href":"https:\/\/nanomax.bg\/ro\/wp-json\/wp\/v2\/product"}],"about":[{"href":"https:\/\/nanomax.bg\/ro\/wp-json\/wp\/v2\/types\/product"}],"wp:featuredmedia":[{"embeddable":true,"href":"https:\/\/nanomax.bg\/ro\/wp-json\/wp\/v2\/media\/5429"}],"wp:attachment":[{"href":"https:\/\/nanomax.bg\/ro\/wp-json\/wp\/v2\/media?parent=5428"}],"wp:term":[{"taxonomy":"woo-feed-brand","embeddable":true,"href":"https:\/\/nanomax.bg\/ro\/wp-json\/wp\/v2\/woo-feed-brand?post=5428"}],"curies":[{"name":"wp","href":"https:\/\/api.w.org\/{rel}","templated":true}]}}